{"id":20,"date":"2013-05-21T20:06:11","date_gmt":"2013-05-21T18:06:11","guid":{"rendered":"http:\/\/www.melissas-haarstudio.de\/wordpress\/?page_id=20"},"modified":"2013-06-01T17:44:57","modified_gmt":"2013-06-01T15:44:57","slug":"impressum","status":"publish","type":"page","link":"http:\/\/www.melissas-haarstudio.de\/wordpress\/impressum\/","title":{"rendered":"IMPRESSUM"},"content":{"rendered":"<h2>IMPRESSUM<\/h2>\n<div style=\"line-height: 3px; height: 3px; background-color: #844545; width: 100%; margin: auto;\"><\/div>\n<p>MELISSA\u00b4s HAARSTUDIO<br \/>\nLuisenstr. 4<br \/>\n90763 F\u00fcrth<br \/>\nTel. 0911 \/ 7566303<br \/>\nwww.melissas-haarstudio.de<br \/>\nE-Mail: info@melissas-haarstudio.de<\/p>\n<p>Inhaberin: Melissa Fischer<br \/>\nUmsatzsteuer-Identifikationsnummer gem\u00e4\u00df \u00a727 a Umsatzsteuergesetz: 218\/217\/30543<\/p>\n<p>Haftung f\u00fcr Inhalte:<br \/>\nDie Inhalte unserer Seiten wurden mit gr\u00f6\u00dfter Sorgfalt erstellt. F\u00fcr die Richtigkeit, Vollst\u00e4ndigkeit\u00a0und Aktualit\u00e4t der Inhalte k\u00f6nnen wir jedoch keine Gew\u00e4hr \u00fcbernehmen. Als Diensteanbieter sind wir gem\u00e4\u00df \u00a7 7 Abs.1 TMG f\u00fcr eigene Inhalte auf diesen Seiten nach den allgemeinen Gesetzen\u00a0verantwortlich. Nach \u00a7\u00a7 8 bis 10 TMG sind wir als Diensteanbieter jedoch nicht verpflichtet,\u00a0\u00fcbermittelte oder gespeicherte fremde Informationen zu \u00fcberwachen oder nach Umst\u00e4nden zu\u00a0forschen, die auf eine rechtswidrige T\u00e4tigkeit hinweisen. Verpflichtungen zur Entfernung oder\u00a0Sperrung der Nutzung von Informationen nach den allgemeinen Gesetzen bleiben hiervon unber\u00fchrt.\u00a0Eine diesbez\u00fcgliche Haftung ist jedoch erst ab dem Zeitpunkt der Kenntnis einer konkreten\u00a0Rechtsverletzung m\u00f6glich. Bei Bekanntwerden von entsprechenden Rechtsverletzungen werden wir\u00a0diese Inhalte umgehend entfernen.<\/p>\n<p>Haftung f\u00fcr Links:<br \/>\nUnser Angebot enth\u00e4lt Links zu externen Webseiten Dritter, auf deren Inhalte wir keinen Einfluss\u00a0haben. Deshalb k\u00f6nnen wir f\u00fcr diese fremden Inhalte auch keine Gew\u00e4hr \u00fcbernehmen. F\u00fcr die Inhalte\u00a0der verlinkten Seiten ist stets der jeweilige Anbieter oder Betreiber der Seiten verantwortlich. Die\u00a0verlinkten Seiten wurden zum Zeitpunkt der Verlinkung auf m\u00f6gliche Rechtsverst\u00f6\u00dfe \u00fcberpr\u00fcft.\u00a0Rechtswidrige Inhalte waren zum Zeitpunkt der Verlinkung nicht erkennbar. Eine permanente inhaltliche\u00a0Kontrolle der verlinkten Seiten ist jedoch ohne konkrete Anhaltspunkte einer Rechtsverletzung nicht\u00a0zumutbar. Bei Bekanntwerden von Rechtsverletzungen werden wir derartige Links umgehend entfernen.<\/p>\n<p>Urheberrecht:<br \/>\nDie durch die Seitenbetreiber erstellten Inhalte und Werke auf diesen Seiten unterliegen dem deutschen\u00a0Urheberrecht. Die Vervielf\u00e4ltigung, Bearbeitung, Verbreitung und jede Art der Verwertung au\u00dferhalb der\u00a0Grenzen des Urheberrechtes bed\u00fcrfen der schriftlichen Zustimmung des jeweiligen Autors bzw. Erstellers.\u00a0Downloads und Kopien dieser Seite sind nur f\u00fcr den privaten, nicht kommerziellen Gebrauch gestattet.\u00a0Soweit die Inhalte auf dieser Seite nicht vom Betreiber erstellt wurden, werden die Urheberrechte Dritter\u00a0beachtet. Insbesondere werden Inhalte Dritter als solche gekennzeichnet. Sollten Sie trotzdem auf eine\u00a0Urheberrechtsverletzung aufmerksam werden, bitten wir um einen entsprechenden Hinweis. Bei\u00a0Bekanntwerden von Rechtsverletzungen werden wir derartige Inhalte umgehend entfernen.<\/p>\n<p>Datenschutz:<br \/>\nDie Nutzung unserer Webseite ist in der Regel ohne Angabe personenbezogener Daten m\u00f6glich. Soweit\u00a0auf unseren Seiten personenbezogene Daten (beispielsweise Name, Anschrift oder E-Mail Adressen)\u00a0erhoben werden, erfolgt dies, soweit m\u00f6glich, stets auf freiwilliger Basis. Diese Daten werden ohne Ihre\u00a0ausdr\u00fcckliche Zustimmung nicht an Dritte weitergegeben. Wir weisen darauf hin, dass die\u00a0Daten\u00fcbertragung im Internet (z.B. bei der Kommunikation per E-Mail) Sicherheitsl\u00fccken aufweisen kann.\u00a0Ein l\u00fcckenloser Schutz der Daten vor dem Zugriff durch Dritte ist nicht m\u00f6glich.\u00a0Der Nutzung von im Rahmen der Impressumspflicht ver\u00f6ffentlichten Kontaktdaten durch Dritte zur\u00a0\u00dcbersendung von nicht ausdr\u00fccklich angeforderter Werbung und Informationsmaterialien wird hiermit\u00a0ausdr\u00fccklich widersprochen.<\/p>\n","protected":false},"excerpt":{"rendered":"<p>IMPRESSUM MELISSA\u00b4s HAARSTUDIO Luisenstr. 4 90763 F\u00fcrth Tel. 0911 \/ 7566303 www.melissas-haarstudio.de E-Mail: info@melissas-haarstudio.de Inhaberin: Melissa Fischer Umsatzsteuer-Identifikationsnummer gem\u00e4\u00df \u00a727 a Umsatzsteuergesetz: 218\/217\/30543 Haftung f\u00fcr Inhalte: Die Inhalte unserer Seiten wurden mit gr\u00f6\u00dfter Sorgfalt erstellt. F\u00fcr die Richtigkeit, Vollst\u00e4ndigkeit\u00a0und Aktualit\u00e4t<span class=\"ellipsis\">&hellip;<\/span><\/p>\n<div class=\"read-more\"><a href=\"http:\/\/www.melissas-haarstudio.de\/wordpress\/impressum\/\">Weiterlesen \u203a<\/a><\/div>\n<p><!-- end of .read-more --><\/p>\n","protected":false},"author":1,"featured_media":0,"parent":0,"menu_order":0,"comment_status":"closed","ping_status":"closed","template":"","meta":[],"yoast_head":"<!-- This site is optimized with the Yoast SEO plugin v19.14 - https:\/\/yoast.com\/wordpress\/plugins\/seo\/ -->\n<title>IMPRESSUM - Melissa\u00b4s Haarstudio<\/title>\n<meta name=\"description\" content=\"MELISSA\u00b4s HAARSTUDIO, Luisenstr. 4, 90763 F\u00fcrth, Tel. 0911 \/ 7566303, E-Mail: info@melissas-haarstudio.de, Inhaberin: Melissa Fischer, Umsatzsteuer-Identifik\" \/>\n<meta name=\"robots\" content=\"index, follow, max-snippet:-1, max-image-preview:large, max-video-preview:-1\" \/>\n<link rel=\"canonical\" href=\"http:\/\/www.melissas-haarstudio.de\/wordpress\/impressum\/\" \/>\n<meta property=\"og:locale\" content=\"de_DE\" \/>\n<meta property=\"og:type\" content=\"article\" \/>\n<meta property=\"og:title\" content=\"IMPRESSUM - Melissa\u00b4s Haarstudio\" \/>\n<meta property=\"og:description\" content=\"MELISSA\u00b4s HAARSTUDIO, Luisenstr. 4, 90763 F\u00fcrth, Tel. 0911 \/ 7566303, E-Mail: info@melissas-haarstudio.de, Inhaberin: Melissa Fischer, Umsatzsteuer-Identifik\" \/>\n<meta property=\"og:url\" content=\"http:\/\/www.melissas-haarstudio.de\/wordpress\/impressum\/\" \/>\n<meta property=\"og:site_name\" content=\"Melissa\u00b4s Haarstudio\" \/>\n<meta property=\"article:modified_time\" content=\"2013-06-01T15:44:57+00:00\" \/>\n<meta name=\"twitter:label1\" content=\"Gesch\u00e4tzte Lesezeit\" \/>\n\t<meta name=\"twitter:data1\" content=\"2\u00a0Minuten\" \/>\n<script type=\"application\/ld+json\" class=\"yoast-schema-graph\">{\"@context\":\"https:\/\/schema.org\",\"@graph\":[{\"@type\":\"WebPage\",\"@id\":\"http:\/\/www.melissas-haarstudio.de\/wordpress\/impressum\/\",\"url\":\"http:\/\/www.melissas-haarstudio.de\/wordpress\/impressum\/\",\"name\":\"IMPRESSUM - Melissa\u00b4s Haarstudio\",\"isPartOf\":{\"@id\":\"http:\/\/www.melissas-haarstudio.de\/wordpress\/#website\"},\"datePublished\":\"2013-05-21T18:06:11+00:00\",\"dateModified\":\"2013-06-01T15:44:57+00:00\",\"description\":\"MELISSA\u00b4s HAARSTUDIO, Luisenstr. 4, 90763 F\u00fcrth, Tel. 0911 \/ 7566303, E-Mail: info@melissas-haarstudio.de, Inhaberin: Melissa Fischer, Umsatzsteuer-Identifik\",\"breadcrumb\":{\"@id\":\"http:\/\/www.melissas-haarstudio.de\/wordpress\/impressum\/#breadcrumb\"},\"inLanguage\":\"de\",\"potentialAction\":[{\"@type\":\"ReadAction\",\"target\":[\"http:\/\/www.melissas-haarstudio.de\/wordpress\/impressum\/\"]}]},{\"@type\":\"BreadcrumbList\",\"@id\":\"http:\/\/www.melissas-haarstudio.de\/wordpress\/impressum\/#breadcrumb\",\"itemListElement\":[{\"@type\":\"ListItem\",\"position\":1,\"name\":\"Home\",\"item\":\"http:\/\/www.melissas-haarstudio.de\/wordpress\/\"},{\"@type\":\"ListItem\",\"position\":2,\"name\":\"IMPRESSUM\"}]},{\"@type\":\"WebSite\",\"@id\":\"http:\/\/www.melissas-haarstudio.de\/wordpress\/#website\",\"url\":\"http:\/\/www.melissas-haarstudio.de\/wordpress\/\",\"name\":\"Melissa\u00b4s Haarstudio\",\"description\":\"\",\"potentialAction\":[{\"@type\":\"SearchAction\",\"target\":{\"@type\":\"EntryPoint\",\"urlTemplate\":\"http:\/\/www.melissas-haarstudio.de\/wordpress\/?s={search_term_string}\"},\"query-input\":\"required name=search_term_string\"}],\"inLanguage\":\"de\"}]}<\/script>\n<!-- \/ Yoast SEO plugin. -->","yoast_head_json":{"title":"IMPRESSUM - Melissa\u00b4s Haarstudio","description":"MELISSA\u00b4s HAARSTUDIO, Luisenstr. 4, 90763 F\u00fcrth, Tel. 0911 \/ 7566303, E-Mail: info@melissas-haarstudio.de, Inhaberin: Melissa Fischer, Umsatzsteuer-Identifik","robots":{"index":"index","follow":"follow","max-snippet":"max-snippet:-1","max-image-preview":"max-image-preview:large","max-video-preview":"max-video-preview:-1"},"canonical":"http:\/\/www.melissas-haarstudio.de\/wordpress\/impressum\/","og_locale":"de_DE","og_type":"article","og_title":"IMPRESSUM - Melissa\u00b4s Haarstudio","og_description":"MELISSA\u00b4s HAARSTUDIO, Luisenstr. 4, 90763 F\u00fcrth, Tel. 0911 \/ 7566303, E-Mail: info@melissas-haarstudio.de, Inhaberin: Melissa Fischer, Umsatzsteuer-Identifik","og_url":"http:\/\/www.melissas-haarstudio.de\/wordpress\/impressum\/","og_site_name":"Melissa\u00b4s Haarstudio","article_modified_time":"2013-06-01T15:44:57+00:00","twitter_misc":{"Gesch\u00e4tzte Lesezeit":"2\u00a0Minuten"},"schema":{"@context":"https:\/\/schema.org","@graph":[{"@type":"WebPage","@id":"http:\/\/www.melissas-haarstudio.de\/wordpress\/impressum\/","url":"http:\/\/www.melissas-haarstudio.de\/wordpress\/impressum\/","name":"IMPRESSUM - Melissa\u00b4s Haarstudio","isPartOf":{"@id":"http:\/\/www.melissas-haarstudio.de\/wordpress\/#website"},"datePublished":"2013-05-21T18:06:11+00:00","dateModified":"2013-06-01T15:44:57+00:00","description":"MELISSA\u00b4s HAARSTUDIO, Luisenstr. 4, 90763 F\u00fcrth, Tel. 0911 \/ 7566303, E-Mail: info@melissas-haarstudio.de, Inhaberin: Melissa Fischer, Umsatzsteuer-Identifik","breadcrumb":{"@id":"http:\/\/www.melissas-haarstudio.de\/wordpress\/impressum\/#breadcrumb"},"inLanguage":"de","potentialAction":[{"@type":"ReadAction","target":["http:\/\/www.melissas-haarstudio.de\/wordpress\/impressum\/"]}]},{"@type":"BreadcrumbList","@id":"http:\/\/www.melissas-haarstudio.de\/wordpress\/impressum\/#breadcrumb","itemListElement":[{"@type":"ListItem","position":1,"name":"Home","item":"http:\/\/www.melissas-haarstudio.de\/wordpress\/"},{"@type":"ListItem","position":2,"name":"IMPRESSUM"}]},{"@type":"WebSite","@id":"http:\/\/www.melissas-haarstudio.de\/wordpress\/#website","url":"http:\/\/www.melissas-haarstudio.de\/wordpress\/","name":"Melissa\u00b4s Haarstudio","description":"","potentialAction":[{"@type":"SearchAction","target":{"@type":"EntryPoint","urlTemplate":"http:\/\/www.melissas-haarstudio.de\/wordpress\/?s={search_term_string}"},"query-input":"required name=search_term_string"}],"inLanguage":"de"}]}},"_links":{"self":[{"href":"http:\/\/www.melissas-haarstudio.de\/wordpress\/wp-json\/wp\/v2\/pages\/20"}],"collection":[{"href":"http:\/\/www.melissas-haarstudio.de\/wordpress\/wp-json\/wp\/v2\/pages"}],"about":[{"href":"http:\/\/www.melissas-haarstudio.de\/wordpress\/wp-json\/wp\/v2\/types\/page"}],"author":[{"embeddable":true,"href":"http:\/\/www.melissas-haarstudio.de\/wordpress\/wp-json\/wp\/v2\/users\/1"}],"replies":[{"embeddable":true,"href":"http:\/\/www.melissas-haarstudio.de\/wordpress\/wp-json\/wp\/v2\/comments?post=20"}],"version-history":[{"count":9,"href":"http:\/\/www.melissas-haarstudio.de\/wordpress\/wp-json\/wp\/v2\/pages\/20\/revisions"}],"predecessor-version":[{"id":842,"href":"http:\/\/www.melissas-haarstudio.de\/wordpress\/wp-json\/wp\/v2\/pages\/20\/revisions\/842"}],"wp:attachment":[{"href":"http:\/\/www.melissas-haarstudio.de\/wordpress\/wp-json\/wp\/v2\/media?parent=20"}],"curies":[{"name":"wp","href":"https:\/\/api.w.org\/{rel}","templated":true}]}}